{"id":34,"date":"2019-04-29T11:23:57","date_gmt":"2019-04-29T11:23:57","guid":{"rendered":"https:\/\/ms-hartkirchen.at\/?page_id=34"},"modified":"2024-04-11T08:40:54","modified_gmt":"2024-04-11T08:40:54","slug":"ehemalige-direktoren","status":"publish","type":"page","link":"https:\/\/ms-hartkirchen.at\/?page_id=34","title":{"rendered":"Direktion"},"content":{"rendered":"\n<div class=\"wp-block-group\"><div class=\"wp-block-group__inner-container is-layout-constrained wp-block-group-is-layout-constrained\"><\/div><\/div>\n\n\n\n<figure class=\"wp-block-image size-large is-resized\"><img loading=\"lazy\" decoding=\"async\" width=\"688\" height=\"1024\" src=\"https:\/\/ms-hartkirchen.at\/wp-content\/uploads\/2023\/10\/PK11B065-688x1024.jpg\" alt=\"\" class=\"wp-image-3463\" style=\"width:283px;height:auto\" srcset=\"https:\/\/ms-hartkirchen.at\/wp-content\/uploads\/2023\/10\/PK11B065-688x1024.jpg 688w, https:\/\/ms-hartkirchen.at\/wp-content\/uploads\/2023\/10\/PK11B065-201x300.jpg 201w, https:\/\/ms-hartkirchen.at\/wp-content\/uploads\/2023\/10\/PK11B065-768x1144.jpg 768w, https:\/\/ms-hartkirchen.at\/wp-content\/uploads\/2023\/10\/PK11B065-1031x1536.jpg 1031w, https:\/\/ms-hartkirchen.at\/wp-content\/uploads\/2023\/10\/PK11B065.jpg 1271w\" sizes=\"auto, (max-width: 688px) 100vw, 688px\" \/><figcaption class=\"wp-element-caption\">           <strong>Dir. Florian Gro\u00df, BEd<\/strong>.<\/figcaption><\/figure>\n\n\n\n<p>Mail Direktion: <a href=\"mailto:s405052@schule-ooe.at\">s405052@schule-ooe.at<\/a> <\/p>\n\n\n\n<pre class=\"wp-block-verse\">\u201eWillst du f\u00fcr ein Jahr vorausplanen, so baue Reis. Willst du f\u00fcr ein Jahrzehnt vorausplanen, so pflanze B\u00e4ume. Willst du f\u00fcr ein Jahrhundert planen, so bilde Menschen.\u201c<br><br>Guan Zhong - chinesischer Politiker und Philosoph, \u2020 645 v. Chr.<\/pre>\n\n\n\n<p class=\"has-text-align-center\"><\/p>\n\n\n\n<p><\/p>\n\n\n\n<p>Die Schule \u00fcbernimmt Verantwortung f\u00fcr die Weiterentwicklung der Gesellschaft. Im Vordergrund steht die individuelle F\u00f6rderung der Kinder und Jugendlichen und die St\u00e4rkung all der vielf\u00e4ltigen Begabungen.<br>Diese S\u00e4ule der Mittelschule entspricht genau dem Leitgedanken unserer Schule:<br><strong>Begabungen f\u00f6rdern, Leistung fordern<\/strong><\/p>\n\n\n\n<h2 class=\"wp-block-heading has-pale-cyan-blue-background-color has-background has-medium-font-size\">HAUPTGEGENST\u00c4NDE<\/h2>\n\n\n\n<p>In Mathematik, Deutsch und Englisch werden hohe fachliche Anforderungen gestellt, um den Sch\u00fcler:innen den Besuch jeder h\u00f6heren Schule zu erm\u00f6glichen. Ein sehr gro\u00dfer Teil unserer Schulabg\u00e4nger:innen besucht eine weiterf\u00fchrende Schule. Darauf sind wir sehr stolz.<\/p>\n\n\n\n<h2 class=\"wp-block-heading has-pale-cyan-blue-background-color has-background has-medium-font-size\">UNVERBINDLICHE \u00dcBUNGEN UND TALENTF\u00d6RDERKURSE<\/h2>\n\n\n\n<p>Zus\u00e4tzliche Angebote runden eine solide Grundausbildung ab und sollen individuelle Begabungen f\u00f6rdern:<br>Computerf\u00fchrerschein (ICDL), English Conversation, Erste Hilfe, Schach, Schauspiel, Zusammenarbeit mit K\u00fcnstlern im kreativen Bereich, Fu\u00dfball-Sch\u00fclerliga,\u2026<\/p>\n\n\n\n<h2 class=\"wp-block-heading has-pale-cyan-blue-background-color has-background has-medium-font-size\">MODERNE UNTERRICHTSMETHODEN<\/h2>\n\n\n\n<p>Die Lehrkr\u00e4fte der MS Hartkirchen bieten modernste Unterrichtsmethoden. Eigenverantwortliches Arbeiten der Sch\u00fcler:innen ist uns sehr wichtig!<br>Individuelle F\u00f6rderung im Unterricht (teilweise zwei P\u00e4dagogen in der Klasse), extra F\u00f6rderstunden, sonderp\u00e4dagogischen Betreuung.<\/p>\n\n\n\n<h2 class=\"wp-block-heading has-pale-cyan-blue-background-color has-background has-medium-font-size\">GEMEINSCHAFT<\/h2>\n\n\n\n<p>R\u00fccksichtsvolles Verhalten und Solidarit\u00e4t sind uns sehr wichtig. Soziales Lernen ist bei uns in jeder Klasse ein eigenes Fach! Gutes Benehmen, die St\u00e4rkung der Pers\u00f6nlichkeit, respektvoller Umgang miteinander, gemeinsam feiern, &#8230; all das sind Inhalte im Sozialen Lernen.<\/p>\n\n\n\n<h2 class=\"wp-block-heading has-pale-cyan-blue-background-color has-background has-medium-font-size\">SCHULE UND SOZIALARBEIT<\/h2>\n\n\n\n<p>Die MS Hartkirchen ist auch SUSA Standort (SUSA = Schule und Sozialarbeit). Das bedeutet, dass ein\/e geschulte\/r Sozialarbeiter:in einmal in der Woche an die Schule kommt, um f\u00fcr soziale Fragen und Probleme der Sch\u00fcler da zu sein.<\/p>\n\n\n\n<p class=\"has-medium-font-size\">Durchst\u00f6bern Sie unsere Homepage und erfahren Sie mehr \u00fcber uns.<\/p>\n\n\n\n<p class=\"has-medium-font-size\">Dir. Florian Gro\u00df, BEd.<\/p>\n\n\n\n<p><\/p>\n","protected":false},"excerpt":{"rendered":"<p>Mail Direktion: s405052@schule-ooe.at \u201eWillst du f\u00fcr ein Jahr vorausplanen, so baue Reis. Willst du f\u00fcr ein Jahrzehnt vorausplanen, so pflanze B\u00e4ume. Willst du f\u00fcr ein [&hellip;]<\/p>\n","protected":false},"author":1,"featured_media":0,"parent":0,"menu_order":0,"comment_status":"closed","ping_status":"closed","template":"","meta":{"footnotes":""},"class_list":["post-34","page","type-page","status-publish","hentry"],"publishpress_future_action":{"enabled":false,"date":"2026-05-08 13:30:35","action":"change-status","newStatus":"draft","terms":[],"taxonomy":"","extraData":[]},"publishpress_future_workflow_manual_trigger":{"enabledWorkflows":[]},"_links":{"self":[{"href":"https:\/\/ms-hartkirchen.at\/index.php?rest_route=\/wp\/v2\/pages\/34","targetHints":{"allow":["GET"]}}],"collection":[{"href":"https:\/\/ms-hartkirchen.at\/index.php?rest_route=\/wp\/v2\/pages"}],"about":[{"href":"https:\/\/ms-hartkirchen.at\/index.php?rest_route=\/wp\/v2\/types\/page"}],"author":[{"embeddable":true,"href":"https:\/\/ms-hartkirchen.at\/index.php?rest_route=\/wp\/v2\/users\/1"}],"replies":[{"embeddable":true,"href":"https:\/\/ms-hartkirchen.at\/index.php?rest_route=%2Fwp%2Fv2%2Fcomments&post=34"}],"version-history":[{"count":10,"href":"https:\/\/ms-hartkirchen.at\/index.php?rest_route=\/wp\/v2\/pages\/34\/revisions"}],"predecessor-version":[{"id":3753,"href":"https:\/\/ms-hartkirchen.at\/index.php?rest_route=\/wp\/v2\/pages\/34\/revisions\/3753"}],"wp:attachment":[{"href":"https:\/\/ms-hartkirchen.at\/index.php?rest_route=%2Fwp%2Fv2%2Fmedia&parent=34"}],"curies":[{"name":"wp","href":"https:\/\/api.w.org\/{rel}","templated":true}]}}