{"id":3059,"date":"2022-10-17T09:07:50","date_gmt":"2022-10-17T09:07:50","guid":{"rendered":"https:\/\/ms-hartkirchen.at\/?page_id=3059"},"modified":"2023-09-09T08:28:06","modified_gmt":"2023-09-09T08:28:06","slug":"susa","status":"publish","type":"page","link":"https:\/\/ms-hartkirchen.at\/?page_id=3059","title":{"rendered":"SuSa"},"content":{"rendered":"\n<p><strong>SuSA \u2013 Schulsozialarbeit <\/strong><\/p>\n\n\n\n<p>SuSA steht f\u00fcr Schule und Sozialarbeit und ist Teil der Kinder- und Jugendhilfe O\u00d6.<\/p>\n\n\n\n<p>Das Angebot von SuSA ist freiwillig und richtet sich an die Kinder und Jugendlichen an der Schule Eltern bzw. Erziehungsberechtigten und Lehrkr\u00e4fte.<\/p>\n\n\n\n<p><strong>M\u00f6gliche Themen<\/strong> einer SuSA Betreuung k\u00f6nnen sein:<\/p>\n\n\n\n<ul class=\"wp-block-list\"><li>Verhaltens\u00e4nderungen wie R\u00fcckzug, Aggressionen, problematisches Essverhalten, Schulverweigerung, selbstverletzendes Verhalten etc.<\/li><li>Umgang mit schwierigen\/ver\u00e4ndernden Lebensumst\u00e4nden (Trennung der Eltern, Krankheit im Familienkreis, Umzug, Pubert\u00e4t etc.)<\/li><li>Herausforderungen in der Erziehung (Hausaufgabensituation, \u00fcberm\u00e4\u00dfiger Medienkonsum, regelloses Verhalten, \u2026)<\/li><li>Konflikte mit Mitsch\u00fcler*innen<\/li><li>Gespr\u00e4chsbedarf mit einer neutralen, au\u00dfenstehenden Person<\/li><li>und vieles mehr<\/li><\/ul>\n\n\n\n<p>Diese Themen werden bearbeitet in Einzelgespr\u00e4chen an der Schule, Gespr\u00e4chen mit Beteiligten, Hausbesuchen oder Elterngspr\u00e4chen.<\/p>\n\n\n\n<p><\/p>\n","protected":false},"excerpt":{"rendered":"<p>SuSA \u2013 Schulsozialarbeit SuSA steht f\u00fcr Schule und Sozialarbeit und ist Teil der Kinder- und Jugendhilfe O\u00d6. Das Angebot von SuSA ist freiwillig und richtet [&hellip;]<\/p>\n","protected":false},"author":1,"featured_media":0,"parent":0,"menu_order":0,"comment_status":"closed","ping_status":"closed","template":"","meta":{"footnotes":""},"class_list":["post-3059","page","type-page","status-publish","hentry"],"publishpress_future_action":{"enabled":false,"date":"2026-04-27 03:17:56","action":"change-status","newStatus":"draft","terms":[],"taxonomy":"","extraData":[]},"publishpress_future_workflow_manual_trigger":{"enabledWorkflows":[]},"_links":{"self":[{"href":"https:\/\/ms-hartkirchen.at\/index.php?rest_route=\/wp\/v2\/pages\/3059","targetHints":{"allow":["GET"]}}],"collection":[{"href":"https:\/\/ms-hartkirchen.at\/index.php?rest_route=\/wp\/v2\/pages"}],"about":[{"href":"https:\/\/ms-hartkirchen.at\/index.php?rest_route=\/wp\/v2\/types\/page"}],"author":[{"embeddable":true,"href":"https:\/\/ms-hartkirchen.at\/index.php?rest_route=\/wp\/v2\/users\/1"}],"replies":[{"embeddable":true,"href":"https:\/\/ms-hartkirchen.at\/index.php?rest_route=%2Fwp%2Fv2%2Fcomments&post=3059"}],"version-history":[{"count":6,"href":"https:\/\/ms-hartkirchen.at\/index.php?rest_route=\/wp\/v2\/pages\/3059\/revisions"}],"predecessor-version":[{"id":3416,"href":"https:\/\/ms-hartkirchen.at\/index.php?rest_route=\/wp\/v2\/pages\/3059\/revisions\/3416"}],"wp:attachment":[{"href":"https:\/\/ms-hartkirchen.at\/index.php?rest_route=%2Fwp%2Fv2%2Fmedia&parent=3059"}],"curies":[{"name":"wp","href":"https:\/\/api.w.org\/{rel}","templated":true}]}}