{"id":21,"date":"2019-04-29T11:23:56","date_gmt":"2019-04-29T11:23:56","guid":{"rendered":"https:\/\/ms-hartkirchen.at\/?page_id=21"},"modified":"2025-11-16T18:49:45","modified_gmt":"2025-11-16T18:49:45","slug":"elternverein","status":"publish","type":"page","link":"https:\/\/ms-hartkirchen.at\/?page_id=21","title":{"rendered":"Elternverein"},"content":{"rendered":"\n<p><strong>Elternverein Hartkirchen &#8211; Schuljahr 2025\/26<\/strong><\/p>\n\n\n\n<figure class=\"wp-block-table\"><table class=\"has-fixed-layout\"><tbody><tr><td><strong>Obfrau:<\/strong><\/td><td><strong>Andrea Pointinger<\/strong><\/td><td><strong>Tel: 0664 4206782<\/strong><\/td><\/tr><tr><td>Obfrau Stellvertreter:<\/td><td>Manuel W\u00f6gerbauer<\/td><td>\ufeff<\/td><\/tr><\/tbody><\/table><\/figure>\n\n\n\n<p>Schriftf\u00fchrerin: Margit Schweizer<br>Stellvertretung: Helene Keplinger<br><br>Kassierin: Yvonne Roi\u00df<br>Stellvertretung: Evelyn W\u00f6gerbauer<br><br>Kassapr\u00fcfer: Margit Pfaffenbichler und Manuela Altenstra\u00dfer<\/p>\n\n\n\n<p class=\"has-text-align-center\">Email: <a href=\"mailto:elternvereinhartkirchen@gmx.at\">elternvereinhartkirchen@gmx.at<\/a><\/p>\n\n\n\n<p class=\"has-text-align-center has-background\" style=\"background-color:#e5aa72\"><strong>Der ELTERNVEREIN  Hartkirchen stellt sich vor <\/strong><br>                       <br>   <strong>  Obfrau: Andrea Pointinger<\/strong><\/p>\n\n\n\n<h6 class=\"wp-block-heading has-text-align-center\">F\u00fcr den Inhalt ist ausschlie\u00dflich der Elternverein verantwortlich!<\/h6>\n\n\n\n<figure class=\"wp-block-gallery has-nested-images columns-default is-cropped wp-block-gallery-1 is-layout-flex wp-block-gallery-is-layout-flex\">\n<figure class=\"wp-block-image size-large\"><img loading=\"lazy\" decoding=\"async\" width=\"1024\" height=\"769\" data-id=\"4347\" src=\"https:\/\/ms-hartkirchen.at\/wp-content\/uploads\/2025\/11\/IMG-20251113-WA0097-1024x769.jpg\" alt=\"\" class=\"wp-image-4347\" srcset=\"https:\/\/ms-hartkirchen.at\/wp-content\/uploads\/2025\/11\/IMG-20251113-WA0097-1024x769.jpg 1024w, https:\/\/ms-hartkirchen.at\/wp-content\/uploads\/2025\/11\/IMG-20251113-WA0097-300x225.jpg 300w, https:\/\/ms-hartkirchen.at\/wp-content\/uploads\/2025\/11\/IMG-20251113-WA0097-768x577.jpg 768w, https:\/\/ms-hartkirchen.at\/wp-content\/uploads\/2025\/11\/IMG-20251113-WA0097-1536x1153.jpg 1536w, https:\/\/ms-hartkirchen.at\/wp-content\/uploads\/2025\/11\/IMG-20251113-WA0097-2048x1538.jpg 2048w, https:\/\/ms-hartkirchen.at\/wp-content\/uploads\/2025\/11\/IMG-20251113-WA0097-360x270.jpg 360w\" sizes=\"auto, (max-width: 1024px) 100vw, 1024px\" \/><\/figure>\n\n\n\n<figure class=\"wp-block-image size-large\"><img loading=\"lazy\" decoding=\"async\" width=\"693\" height=\"667\" data-id=\"4346\" src=\"https:\/\/ms-hartkirchen.at\/wp-content\/uploads\/2025\/11\/1000119095.jpg\" alt=\"\" class=\"wp-image-4346\" srcset=\"https:\/\/ms-hartkirchen.at\/wp-content\/uploads\/2025\/11\/1000119095.jpg 693w, https:\/\/ms-hartkirchen.at\/wp-content\/uploads\/2025\/11\/1000119095-300x289.jpg 300w\" sizes=\"auto, (max-width: 693px) 100vw, 693px\" \/><\/figure>\n<\/figure>\n\n\n\n<p><\/p>\n","protected":false},"excerpt":{"rendered":"<p>Elternverein Hartkirchen &#8211; Schuljahr 2025\/26 Obfrau: Andrea Pointinger Tel: 0664 4206782 Obfrau Stellvertreter: Manuel W\u00f6gerbauer \ufeff Schriftf\u00fchrerin: Margit SchweizerStellvertretung: Helene Keplinger Kassierin: Yvonne Roi\u00dfStellvertretung: Evelyn [&hellip;]<\/p>\n","protected":false},"author":1,"featured_media":0,"parent":0,"menu_order":0,"comment_status":"closed","ping_status":"closed","template":"","meta":{"footnotes":""},"class_list":["post-21","page","type-page","status-publish","hentry"],"publishpress_future_action":{"enabled":false,"date":"2026-04-12 10:22:28","action":"change-status","newStatus":"draft","terms":[],"taxonomy":"","extraData":[]},"publishpress_future_workflow_manual_trigger":{"enabledWorkflows":[]},"_links":{"self":[{"href":"https:\/\/ms-hartkirchen.at\/index.php?rest_route=\/wp\/v2\/pages\/21","targetHints":{"allow":["GET"]}}],"collection":[{"href":"https:\/\/ms-hartkirchen.at\/index.php?rest_route=\/wp\/v2\/pages"}],"about":[{"href":"https:\/\/ms-hartkirchen.at\/index.php?rest_route=\/wp\/v2\/types\/page"}],"author":[{"embeddable":true,"href":"https:\/\/ms-hartkirchen.at\/index.php?rest_route=\/wp\/v2\/users\/1"}],"replies":[{"embeddable":true,"href":"https:\/\/ms-hartkirchen.at\/index.php?rest_route=%2Fwp%2Fv2%2Fcomments&post=21"}],"version-history":[{"count":4,"href":"https:\/\/ms-hartkirchen.at\/index.php?rest_route=\/wp\/v2\/pages\/21\/revisions"}],"predecessor-version":[{"id":4350,"href":"https:\/\/ms-hartkirchen.at\/index.php?rest_route=\/wp\/v2\/pages\/21\/revisions\/4350"}],"wp:attachment":[{"href":"https:\/\/ms-hartkirchen.at\/index.php?rest_route=%2Fwp%2Fv2%2Fmedia&parent=21"}],"curies":[{"name":"wp","href":"https:\/\/api.w.org\/{rel}","templated":true}]}}