{"id":18,"date":"2019-04-29T11:23:56","date_gmt":"2019-04-29T11:23:56","guid":{"rendered":"https:\/\/ms-hartkirchen.at\/?page_id=18"},"modified":"2024-04-11T08:46:23","modified_gmt":"2024-04-11T08:46:23","slug":"ecdl","status":"publish","type":"page","link":"https:\/\/ms-hartkirchen.at\/?page_id=18","title":{"rendered":"ICDL"},"content":{"rendered":"\n<p class=\"has-text-align-left\">Immer \u00f6fter wird von den Schulabg\u00e4nger:innen gute Computerkenntnisse gefordert. Seit dem Schuljahr 2002\/2003 haben die Sch\u00fclerinnen und Sch\u00fcler unserer Schule die M\u00f6glichkeit den international anerkannten Computerf\u00fchrerschein ICDL abzulegen.<br>Der ICDL garantiert eine grundlegende und umfassende Ausbildung am Computer, die von den Firmen immer mehr verlangt wird.<br><\/p>\n\n\n\n<p>Die \u00d6sterreichische Computer Gesellschaft ist bei Personenzertifizierungen im IKT Anwendungsbereich marktf\u00fchrend.<\/p>\n\n\n\n<ul class=\"wp-block-list\">\n<li>Die OCG ist alleinige Zertifizierungsstelle f\u00fcr den<a href=\"http:\/\/www.ecdl.at\"> ICDL (Europ\u00e4ischer Computer F\u00fchrerschein)<\/a> in \u00d6sterreich.<\/li>\n\n\n\n<li>Die OCG bietet zus\u00e4tzlich selbst entwickelte OCG Zertifikaten in unterschiedlichen IT-Bereichen an.<\/li>\n\n\n\n<li>Der Verein f\u00fchrt selbst keine Zertifizierungspr\u00fcfungen bei KandidatInnen durch, sondern ist f\u00fcr die Autorisierung von Schulungseinrichtungen zust\u00e4ndig (Autorisierte Test Center). Die Aus- und Zustellung der Zertifikate erfolgt ebenfalls durch die OCG.<\/li>\n<\/ul>\n\n\n\n<p class=\"has-small-font-size\"><strong> (Quelle:<\/strong><a href=\" https:\/\/www.ocg.at\"><strong> <\/strong><\/a><a rel=\"noreferrer noopener\" href=\"https:\/\/www.ocg.at\" target=\"_blank\">https:\/\/www.ocg.a<\/a><a href=\" https:\/\/www.ocg.at\">t<\/a><strong>)<\/strong><\/p>\n\n\n\n<h1 class=\"wp-block-heading has-medium-font-size\" id=\"page-title\">\u00dcber den ICDL in der Schule erfahren Sie hier mehr: <a href=\"https:\/\/www.icdl.at\/icdlschulen\">ICDL in der Schule | ICDL Website<\/a><\/h1>\n\n\n\n<p class=\"has-text-align-center\"><strong>Kosten:<br>   Grundgeb\u00fchr 37 \u20ac und jede einzelne Pr\u00fcfung 15 \u20ac<\/strong><\/p>\n\n\n\n<p>Ab der 3. Klasse haben die Sch\u00fclerinnen und Sch\u00fcler die M\u00f6glichkeit im INF-Unterricht den ICDL abzulegen.<\/p>\n","protected":false},"excerpt":{"rendered":"<p>Immer \u00f6fter wird von den Schulabg\u00e4nger:innen gute Computerkenntnisse gefordert. Seit dem Schuljahr 2002\/2003 haben die Sch\u00fclerinnen und Sch\u00fcler unserer Schule die M\u00f6glichkeit den international anerkannten [&hellip;]<\/p>\n","protected":false},"author":1,"featured_media":0,"parent":0,"menu_order":0,"comment_status":"closed","ping_status":"closed","template":"","meta":{"footnotes":""},"class_list":["post-18","page","type-page","status-publish","hentry"],"publishpress_future_action":{"enabled":false,"date":"2026-04-23 01:28:44","action":"change-status","newStatus":"draft","terms":[],"taxonomy":"","extraData":[]},"publishpress_future_workflow_manual_trigger":{"enabledWorkflows":[]},"_links":{"self":[{"href":"https:\/\/ms-hartkirchen.at\/index.php?rest_route=\/wp\/v2\/pages\/18","targetHints":{"allow":["GET"]}}],"collection":[{"href":"https:\/\/ms-hartkirchen.at\/index.php?rest_route=\/wp\/v2\/pages"}],"about":[{"href":"https:\/\/ms-hartkirchen.at\/index.php?rest_route=\/wp\/v2\/types\/page"}],"author":[{"embeddable":true,"href":"https:\/\/ms-hartkirchen.at\/index.php?rest_route=\/wp\/v2\/users\/1"}],"replies":[{"embeddable":true,"href":"https:\/\/ms-hartkirchen.at\/index.php?rest_route=%2Fwp%2Fv2%2Fcomments&post=18"}],"version-history":[{"count":20,"href":"https:\/\/ms-hartkirchen.at\/index.php?rest_route=\/wp\/v2\/pages\/18\/revisions"}],"predecessor-version":[{"id":3757,"href":"https:\/\/ms-hartkirchen.at\/index.php?rest_route=\/wp\/v2\/pages\/18\/revisions\/3757"}],"wp:attachment":[{"href":"https:\/\/ms-hartkirchen.at\/index.php?rest_route=%2Fwp%2Fv2%2Fmedia&parent=18"}],"curies":[{"name":"wp","href":"https:\/\/api.w.org\/{rel}","templated":true}]}}