{"id":1419,"date":"2019-12-05T09:00:29","date_gmt":"2019-12-05T09:00:29","guid":{"rendered":"https:\/\/ms-hartkirchen.at\/?page_id=1419"},"modified":"2019-12-05T09:03:38","modified_gmt":"2019-12-05T09:03:38","slug":"leitfaden-elterngespraeche","status":"publish","type":"page","link":"https:\/\/ms-hartkirchen.at\/?page_id=1419","title":{"rendered":"Leitfaden Elterngespr\u00e4che"},"content":{"rendered":"\n<p class=\"has-text-align-left has-medium-font-size\"><strong>Liebe Eltern,<\/strong><br>wir m\u00f6chten uns f\u00fcr die Gespr\u00e4che mit Ihnen in Ruhe Zeit<br>nehmen. In Zukunft wollen wir daher ungeplante \u201eT\u00fcr- und<br>Angelgespr\u00e4che\u201c vermeiden. Besprechungen am Gang, meist<br>unter Zeitdruck, sind f\u00fcr beide Seiten nicht zufriedenstellend.<br>Ich bitte Sie daher, die Sprechstunden zu n\u00fctzen, oder mit <br>den Lehrkr\u00e4ften einen anderen geeigneten Termin zu vereinbaren.<br>In dringenden, unaufschiebbaren F\u00e4llen stehen wir<br>selbstverst\u00e4ndlich weiterhin zur Verf\u00fcgung!<\/p>\n\n\n\n<p class=\"has-text-align-left has-medium-font-size\"><br>Mit freundlichen Gr\u00fc\u00dfen<br>Dir. Florian Gro\u00df<\/p>\n","protected":false},"excerpt":{"rendered":"<p>Liebe Eltern,wir m\u00f6chten uns f\u00fcr die Gespr\u00e4che mit Ihnen in Ruhe Zeitnehmen. In Zukunft wollen wir daher ungeplante \u201eT\u00fcr- undAngelgespr\u00e4che\u201c vermeiden. Besprechungen am Gang, meistunter [&hellip;]<\/p>\n","protected":false},"author":1,"featured_media":0,"parent":0,"menu_order":0,"comment_status":"closed","ping_status":"closed","template":"","meta":{"footnotes":""},"class_list":["post-1419","page","type-page","status-publish","hentry"],"publishpress_future_action":{"enabled":false,"date":"2026-05-18 12:43:37","action":"change-status","newStatus":"draft","terms":[],"taxonomy":"","extraData":[]},"publishpress_future_workflow_manual_trigger":{"enabledWorkflows":[]},"_links":{"self":[{"href":"https:\/\/ms-hartkirchen.at\/index.php?rest_route=\/wp\/v2\/pages\/1419","targetHints":{"allow":["GET"]}}],"collection":[{"href":"https:\/\/ms-hartkirchen.at\/index.php?rest_route=\/wp\/v2\/pages"}],"about":[{"href":"https:\/\/ms-hartkirchen.at\/index.php?rest_route=\/wp\/v2\/types\/page"}],"author":[{"embeddable":true,"href":"https:\/\/ms-hartkirchen.at\/index.php?rest_route=\/wp\/v2\/users\/1"}],"replies":[{"embeddable":true,"href":"https:\/\/ms-hartkirchen.at\/index.php?rest_route=%2Fwp%2Fv2%2Fcomments&post=1419"}],"version-history":[{"count":2,"href":"https:\/\/ms-hartkirchen.at\/index.php?rest_route=\/wp\/v2\/pages\/1419\/revisions"}],"predecessor-version":[{"id":1423,"href":"https:\/\/ms-hartkirchen.at\/index.php?rest_route=\/wp\/v2\/pages\/1419\/revisions\/1423"}],"wp:attachment":[{"href":"https:\/\/ms-hartkirchen.at\/index.php?rest_route=%2Fwp%2Fv2%2Fmedia&parent=1419"}],"curies":[{"name":"wp","href":"https:\/\/api.w.org\/{rel}","templated":true}]}}